{"id":2,"date":"2025-09-23T12:38:14","date_gmt":"2025-09-23T12:38:14","guid":{"rendered":"https:\/\/abenito.santcugatesn.com\/?page_id=2"},"modified":"2025-11-10T20:47:22","modified_gmt":"2025-11-10T20:47:22","slug":"sample-page","status":"publish","type":"page","link":"https:\/\/abenito.santcugatesn.com\/","title":{"rendered":"Quienes somos"},"content":{"rendered":"\n<p><strong>Castellier<\/strong>&nbsp;es una marca de&nbsp;<strong>moda y complementos de lujo<\/strong>&nbsp;creada para mujeres que valoran la elegancia, la calidad y la exclusividad. Nacemos con el prop\u00f3sito de ofrecer una experiencia de compra \u00fanica, donde cada detalle refleja cuidado, sofisticaci\u00f3n y estilo.<\/p>\n\n\n\n<p><\/p>\n\n\n\n<p>Nuestra colecci\u00f3n combina piezas atemporales y modernas, pensadas para una mujer segura, independiente y con personalidad. Desde nuestros&nbsp;<strong>tacones y bolsos<\/strong>&nbsp;hasta los&nbsp;<strong>pantalones de corte elegante<\/strong>, cada dise\u00f1o busca realzar la belleza natural y el car\u00e1cter de quien lo lleva.<\/p>\n\n\n\n<p><\/p>\n\n\n\n<p>En&nbsp;<strong>Castellier<\/strong>&nbsp;creemos en un lujo aut\u00e9ntico y consciente, que une la tradici\u00f3n con la innovaci\u00f3n. Trabajamos para que cada clienta sienta que forma parte de un universo exclusivo, donde la moda se convierte en una forma de expresi\u00f3n y estilo de vida.<\/p>\n","protected":false},"excerpt":{"rendered":"<p>Castellier&nbsp;es una marca de&nbsp;moda y complementos de lujo&nbsp;creada para mujeres que valoran la elegancia, la calidad y la exclusividad. Nacemos con el prop\u00f3sito de ofrecer una experiencia de compra \u00fanica, donde cada detalle refleja cuidado, sofisticaci\u00f3n y estilo. Nuestra colecci\u00f3n combina piezas atemporales y modernas, pensadas para una mujer segura, independiente y con personalidad. Desde [&hellip;]<\/p>\n","protected":false},"author":1,"featured_media":0,"parent":0,"menu_order":0,"comment_status":"closed","ping_status":"open","template":"","meta":{"footnotes":""},"class_list":["post-2","page","type-page","status-publish","hentry"],"yoast_head":"<!-- This site is optimized with the Yoast SEO plugin v26.0 - https:\/\/yoast.com\/wordpress\/plugins\/seo\/ -->\n<title>Quienes somos - Castellier<\/title>\n<meta name=\"robots\" content=\"index, follow, max-snippet:-1, max-image-preview:large, max-video-preview:-1\" \/>\n<link rel=\"canonical\" href=\"https:\/\/abenito.santcugatesn.com\/\" \/>\n<meta property=\"og:locale\" content=\"en_US\" \/>\n<meta property=\"og:type\" content=\"article\" \/>\n<meta property=\"og:title\" content=\"Quienes somos - Castellier\" \/>\n<meta property=\"og:description\" content=\"Castellier&nbsp;es una marca de&nbsp;moda y complementos de lujo&nbsp;creada para mujeres que valoran la elegancia, la calidad y la exclusividad. Nacemos con el prop\u00f3sito de ofrecer una experiencia de compra \u00fanica, donde cada detalle refleja cuidado, sofisticaci\u00f3n y estilo. Nuestra colecci\u00f3n combina piezas atemporales y modernas, pensadas para una mujer segura, independiente y con personalidad. Desde [&hellip;]\" \/>\n<meta property=\"og:url\" content=\"https:\/\/abenito.santcugatesn.com\/\" \/>\n<meta property=\"og:site_name\" content=\"Castellier\" \/>\n<meta property=\"article:modified_time\" content=\"2025-11-10T20:47:22+00:00\" \/>\n<meta name=\"twitter:card\" content=\"summary_large_image\" \/>\n<meta name=\"twitter:label1\" content=\"Est. reading time\" \/>\n\t<meta name=\"twitter:data1\" content=\"1 minute\" \/>\n<script type=\"application\/ld+json\" class=\"yoast-schema-graph\">{\"@context\":\"https:\/\/schema.org\",\"@graph\":[{\"@type\":\"WebPage\",\"@id\":\"https:\/\/abenito.santcugatesn.com\/\",\"url\":\"https:\/\/abenito.santcugatesn.com\/\",\"name\":\"Quienes somos - Castellier\",\"isPartOf\":{\"@id\":\"https:\/\/abenito.santcugatesn.com\/#website\"},\"datePublished\":\"2025-09-23T12:38:14+00:00\",\"dateModified\":\"2025-11-10T20:47:22+00:00\",\"breadcrumb\":{\"@id\":\"https:\/\/abenito.santcugatesn.com\/#breadcrumb\"},\"inLanguage\":\"en-US\",\"potentialAction\":[{\"@type\":\"ReadAction\",\"target\":[\"https:\/\/abenito.santcugatesn.com\/\"]}]},{\"@type\":\"BreadcrumbList\",\"@id\":\"https:\/\/abenito.santcugatesn.com\/#breadcrumb\",\"itemListElement\":[{\"@type\":\"ListItem\",\"position\":1,\"name\":\"Home\",\"item\":\"https:\/\/abenito.santcugatesn.com\/\"},{\"@type\":\"ListItem\",\"position\":2,\"name\":\"Quienes somos\"}]},{\"@type\":\"WebSite\",\"@id\":\"https:\/\/abenito.santcugatesn.com\/#website\",\"url\":\"https:\/\/abenito.santcugatesn.com\/\",\"name\":\"Castellier\",\"description\":\"\",\"publisher\":{\"@id\":\"https:\/\/abenito.santcugatesn.com\/#organization\"},\"potentialAction\":[{\"@type\":\"SearchAction\",\"target\":{\"@type\":\"EntryPoint\",\"urlTemplate\":\"https:\/\/abenito.santcugatesn.com\/?s={search_term_string}\"},\"query-input\":{\"@type\":\"PropertyValueSpecification\",\"valueRequired\":true,\"valueName\":\"search_term_string\"}}],\"inLanguage\":\"en-US\"},{\"@type\":\"Organization\",\"@id\":\"https:\/\/abenito.santcugatesn.com\/#organization\",\"name\":\"Castellier\",\"url\":\"https:\/\/abenito.santcugatesn.com\/\",\"logo\":{\"@type\":\"ImageObject\",\"inLanguage\":\"en-US\",\"@id\":\"https:\/\/abenito.santcugatesn.com\/#\/schema\/logo\/image\/\",\"url\":\"https:\/\/abenito.santcugatesn.com\/wp-content\/uploads\/2025\/10\/cropped-Captura-de-pantalla-2025-10-22-a-las-9.44.42.png\",\"contentUrl\":\"https:\/\/abenito.santcugatesn.com\/wp-content\/uploads\/2025\/10\/cropped-Captura-de-pantalla-2025-10-22-a-las-9.44.42.png\",\"width\":202,\"height\":200,\"caption\":\"Castellier\"},\"image\":{\"@id\":\"https:\/\/abenito.santcugatesn.com\/#\/schema\/logo\/image\/\"}}]}<\/script>\n<!-- \/ Yoast SEO plugin. -->","yoast_head_json":{"title":"Quienes somos - Castellier","robots":{"index":"index","follow":"follow","max-snippet":"max-snippet:-1","max-image-preview":"max-image-preview:large","max-video-preview":"max-video-preview:-1"},"canonical":"https:\/\/abenito.santcugatesn.com\/","og_locale":"en_US","og_type":"article","og_title":"Quienes somos - Castellier","og_description":"Castellier&nbsp;es una marca de&nbsp;moda y complementos de lujo&nbsp;creada para mujeres que valoran la elegancia, la calidad y la exclusividad. Nacemos con el prop\u00f3sito de ofrecer una experiencia de compra \u00fanica, donde cada detalle refleja cuidado, sofisticaci\u00f3n y estilo. Nuestra colecci\u00f3n combina piezas atemporales y modernas, pensadas para una mujer segura, independiente y con personalidad. Desde [&hellip;]","og_url":"https:\/\/abenito.santcugatesn.com\/","og_site_name":"Castellier","article_modified_time":"2025-11-10T20:47:22+00:00","twitter_card":"summary_large_image","twitter_misc":{"Est. reading time":"1 minute"},"schema":{"@context":"https:\/\/schema.org","@graph":[{"@type":"WebPage","@id":"https:\/\/abenito.santcugatesn.com\/","url":"https:\/\/abenito.santcugatesn.com\/","name":"Quienes somos - Castellier","isPartOf":{"@id":"https:\/\/abenito.santcugatesn.com\/#website"},"datePublished":"2025-09-23T12:38:14+00:00","dateModified":"2025-11-10T20:47:22+00:00","breadcrumb":{"@id":"https:\/\/abenito.santcugatesn.com\/#breadcrumb"},"inLanguage":"en-US","potentialAction":[{"@type":"ReadAction","target":["https:\/\/abenito.santcugatesn.com\/"]}]},{"@type":"BreadcrumbList","@id":"https:\/\/abenito.santcugatesn.com\/#breadcrumb","itemListElement":[{"@type":"ListItem","position":1,"name":"Home","item":"https:\/\/abenito.santcugatesn.com\/"},{"@type":"ListItem","position":2,"name":"Quienes somos"}]},{"@type":"WebSite","@id":"https:\/\/abenito.santcugatesn.com\/#website","url":"https:\/\/abenito.santcugatesn.com\/","name":"Castellier","description":"","publisher":{"@id":"https:\/\/abenito.santcugatesn.com\/#organization"},"potentialAction":[{"@type":"SearchAction","target":{"@type":"EntryPoint","urlTemplate":"https:\/\/abenito.santcugatesn.com\/?s={search_term_string}"},"query-input":{"@type":"PropertyValueSpecification","valueRequired":true,"valueName":"search_term_string"}}],"inLanguage":"en-US"},{"@type":"Organization","@id":"https:\/\/abenito.santcugatesn.com\/#organization","name":"Castellier","url":"https:\/\/abenito.santcugatesn.com\/","logo":{"@type":"ImageObject","inLanguage":"en-US","@id":"https:\/\/abenito.santcugatesn.com\/#\/schema\/logo\/image\/","url":"https:\/\/abenito.santcugatesn.com\/wp-content\/uploads\/2025\/10\/cropped-Captura-de-pantalla-2025-10-22-a-las-9.44.42.png","contentUrl":"https:\/\/abenito.santcugatesn.com\/wp-content\/uploads\/2025\/10\/cropped-Captura-de-pantalla-2025-10-22-a-las-9.44.42.png","width":202,"height":200,"caption":"Castellier"},"image":{"@id":"https:\/\/abenito.santcugatesn.com\/#\/schema\/logo\/image\/"}}]}},"_links":{"self":[{"href":"https:\/\/abenito.santcugatesn.com\/index.php?rest_route=\/wp\/v2\/pages\/2","targetHints":{"allow":["GET"]}}],"collection":[{"href":"https:\/\/abenito.santcugatesn.com\/index.php?rest_route=\/wp\/v2\/pages"}],"about":[{"href":"https:\/\/abenito.santcugatesn.com\/index.php?rest_route=\/wp\/v2\/types\/page"}],"author":[{"embeddable":true,"href":"https:\/\/abenito.santcugatesn.com\/index.php?rest_route=\/wp\/v2\/users\/1"}],"replies":[{"embeddable":true,"href":"https:\/\/abenito.santcugatesn.com\/index.php?rest_route=%2Fwp%2Fv2%2Fcomments&post=2"}],"version-history":[{"count":3,"href":"https:\/\/abenito.santcugatesn.com\/index.php?rest_route=\/wp\/v2\/pages\/2\/revisions"}],"predecessor-version":[{"id":33,"href":"https:\/\/abenito.santcugatesn.com\/index.php?rest_route=\/wp\/v2\/pages\/2\/revisions\/33"}],"wp:attachment":[{"href":"https:\/\/abenito.santcugatesn.com\/index.php?rest_route=%2Fwp%2Fv2%2Fmedia&parent=2"}],"curies":[{"name":"wp","href":"https:\/\/api.w.org\/{rel}","templated":true}]}}